{"id":93,"date":"2018-05-10T13:42:35","date_gmt":"2018-05-10T11:42:35","guid":{"rendered":"http:\/\/wielkitalerz.pl\/?page_id=93"},"modified":"2024-09-25T11:22:47","modified_gmt":"2024-09-25T09:22:47","slug":"wesprzyj","status":"publish","type":"page","link":"https:\/\/wielkitalerz.pl\/","title":{"rendered":"Wesprzyj"},"content":{"rendered":"<h2 style=\"text-align: left;\">Przeka\u017c darowizn\u0119<\/h2>\n<form id=\"payform\" action=\"\/wp-content\/payu_form_generate.php\" method=\"POST\" name=\"payform\">\n<table style=\"border: none; float: left; width: 100%;\">\n<tbody>\n<tr>\n<td style=\"text-align: center; width: 25%; vertical-align: top;\"><img decoding=\"async\" src=\"http:\/\/wielkitalerz.pl\/wp-content\/uploads\/2020\/07\/15978008_246962725740850_863589301177067300_n-300x300.jpg\" alt=\"\" width=\"72\" height=\"72\"><br \/>\ndowolna kwota<br \/>\n<input id=\"amount-d\" name=\"custom_amount\" type=\"text\" value=\"\"> PLN<\/td>\n<td><\/td>\n<td style=\"text-align: center; width: 25%; vertical-align: top;\"><img decoding=\"async\" src=\"http:\/\/wielkitalerz.pl\/wp-content\/uploads\/2020\/07\/15940829_246962112407578_4267742498161268060_n-300x300.jpg\" alt=\"\" width=\"78\" height=\"78\"><input id=\"amount-50\" checked=\"checked\" name=\"amount\" type=\"radio\" value=\"50\"><label for=\"amount-50\">50 z\u0142<\/label><\/td>\n<td><\/td>\n<td style=\"text-align: center; width: 25%; vertical-align: top;\"><img decoding=\"async\" src=\"http:\/\/wielkitalerz.pl\/wp-content\/uploads\/2020\/07\/18156102_298775577226231_8951464968916232700_o-300x200.jpg\" alt=\"\" width=\"127\" height=\"88\"> <input id=\"amount-96\" name=\"amount\" type=\"radio\" value=\"96\">130<label for=\"amount-96\">&nbsp;z\u0142<\/label><\/td>\n<td><\/td>\n<td style=\"text-align: center; width: 25%; vertical-align: top;\"><img loading=\"lazy\" decoding=\"async\" src=\"http:\/\/wielkitalerz.pl\/wp-content\/uploads\/2020\/07\/19467881_324356541334801_265093106132008342_o-300x200.jpg\" alt=\"\" width=\"118\" height=\"80\"><input id=\"amount-200\" name=\"amount\" type=\"radio\" value=\"200\"><label for=\"amount-200\">200 z\u0142<\/label><\/td>\n<\/tr>\n<\/tbody>\n<\/table>\n<p><input name=\"first_name\" type=\"text\" placeholder=\"Imi\u0119\"><br \/>\n<input name=\"last_name\" type=\"text\" placeholder=\"Nazwisko\"><br \/>\n<input name=\"email\" type=\"email\" placeholder=\"adres email\"><button class=\"\" style=\"-webkit-border-radius: 20; -moz-border-radius: 20; border-radius: 20px; font-family: Arial; color: #fff; font-size: 16px; background: #fd9f43; margin-top: 10px; padding: 10px 22px 10px 22px; text-decoration: none;\" type=\"submit\">WSPIERAM<\/button><\/p>\n<\/form>\n","protected":false},"excerpt":{"rendered":"<p>Przeka\u017c darowizn\u0119 dowolna kwota PLN 50 z\u0142 130&nbsp;z\u0142 200 z\u0142 WSPIERAM<\/p>\n","protected":false},"author":1,"featured_media":0,"parent":0,"menu_order":0,"comment_status":"closed","ping_status":"closed","template":"template-wesprzyj.php","meta":{"_acf_changed":false,"site-sidebar-layout":"default","site-content-layout":"","ast-site-content-layout":"","site-content-style":"default","site-sidebar-style":"default","ast-global-header-display":"","ast-banner-title-visibility":"","ast-main-header-display":"","ast-hfb-above-header-display":"","ast-hfb-below-header-display":"","ast-hfb-mobile-header-display":"","site-post-title":"","ast-breadcrumbs-content":"","ast-featured-img":"","footer-sml-layout":"","theme-transparent-header-meta":"","adv-header-id-meta":"","stick-header-meta":"","header-above-stick-meta":"","header-main-stick-meta":"","header-below-stick-meta":"","astra-migrate-meta-layouts":"default","ast-page-background-enabled":"default","ast-page-background-meta":{"desktop":{"background-color":"var(--ast-global-color-4)","background-image":"","background-repeat":"repeat","background-position":"center center","background-size":"auto","background-attachment":"scroll","background-type":"","background-media":"","overlay-type":"","overlay-color":"","overlay-gradient":""},"tablet":{"background-color":"","background-image":"","background-repeat":"repeat","background-position":"center center","background-size":"auto","background-attachment":"scroll","background-type":"","background-media":"","overlay-type":"","overlay-color":"","overlay-gradient":""},"mobile":{"background-color":"","background-image":"","background-repeat":"repeat","background-position":"center center","background-size":"auto","background-attachment":"scroll","background-type":"","background-media":"","overlay-type":"","overlay-color":"","overlay-gradient":""}},"ast-content-background-meta":{"desktop":{"background-color":"var(--ast-global-color-5)","background-image":"","background-repeat":"repeat","background-position":"center center","background-size":"auto","background-attachment":"scroll","background-type":"","background-media":"","overlay-type":"","overlay-color":"","overlay-gradient":""},"tablet":{"background-color":"var(--ast-global-color-5)","background-image":"","background-repeat":"repeat","background-position":"center center","background-size":"auto","background-attachment":"scroll","background-type":"","background-media":"","overlay-type":"","overlay-color":"","overlay-gradient":""},"mobile":{"background-color":"var(--ast-global-color-5)","background-image":"","background-repeat":"repeat","background-position":"center center","background-size":"auto","background-attachment":"scroll","background-type":"","background-media":"","overlay-type":"","overlay-color":"","overlay-gradient":""}},"footnotes":""},"class_list":["post-93","page","type-page","status-publish","hentry"],"acf":[],"_links":{"self":[{"href":"https:\/\/wielkitalerz.pl\/index.php\/wp-json\/wp\/v2\/pages\/93","targetHints":{"allow":["GET"]}}],"collection":[{"href":"https:\/\/wielkitalerz.pl\/index.php\/wp-json\/wp\/v2\/pages"}],"about":[{"href":"https:\/\/wielkitalerz.pl\/index.php\/wp-json\/wp\/v2\/types\/page"}],"author":[{"embeddable":true,"href":"https:\/\/wielkitalerz.pl\/index.php\/wp-json\/wp\/v2\/users\/1"}],"replies":[{"embeddable":true,"href":"https:\/\/wielkitalerz.pl\/index.php\/wp-json\/wp\/v2\/comments?post=93"}],"version-history":[{"count":68,"href":"https:\/\/wielkitalerz.pl\/index.php\/wp-json\/wp\/v2\/pages\/93\/revisions"}],"predecessor-version":[{"id":1045,"href":"https:\/\/wielkitalerz.pl\/index.php\/wp-json\/wp\/v2\/pages\/93\/revisions\/1045"}],"wp:attachment":[{"href":"https:\/\/wielkitalerz.pl\/index.php\/wp-json\/wp\/v2\/media?parent=93"}],"curies":[{"name":"wp","href":"https:\/\/api.w.org\/{rel}","templated":true}]}}