{"id":208,"date":"2018-11-21T16:06:52","date_gmt":"2018-11-21T15:06:52","guid":{"rendered":"http:\/\/wielkitalerz.pl\/?page_id=208"},"modified":"2024-06-27T15:08:10","modified_gmt":"2024-06-27T13:08:10","slug":"dzialaj-w-szkole","status":"publish","type":"page","link":"https:\/\/wielkitalerz.pl\/index.php\/o-programie\/nasze-projekty\/dzialaj-w-szkole\/","title":{"rendered":"Dzia\u0142aj w szkole"},"content":{"rendered":"\t\t<div data-elementor-type=\"wp-page\" data-elementor-id=\"208\" class=\"elementor elementor-208\">\n\t\t\t\t<div class=\"elementor-element elementor-element-1d3a589b e-flex e-con-boxed e-con e-parent\" data-id=\"1d3a589b\" data-element_type=\"container\" data-core-v316-plus=\"true\">\n\t\t\t\t\t<div class=\"e-con-inner\">\n\t\t\t\t<div class=\"elementor-element elementor-element-745485b4 elementor-widget elementor-widget-text-editor\" data-id=\"745485b4\" data-element_type=\"widget\" data-widget_type=\"text-editor.default\">\n\t\t\t\t<div class=\"elementor-widget-container\">\n\t\t\t<style>\/*! elementor - v3.20.0 - 10-04-2024 *\/\n.elementor-widget-text-editor.elementor-drop-cap-view-stacked .elementor-drop-cap{background-color:#69727d;color:#fff}.elementor-widget-text-editor.elementor-drop-cap-view-framed .elementor-drop-cap{color:#69727d;border:3px solid;background-color:transparent}.elementor-widget-text-editor:not(.elementor-drop-cap-view-default) .elementor-drop-cap{margin-top:8px}.elementor-widget-text-editor:not(.elementor-drop-cap-view-default) .elementor-drop-cap-letter{width:1em;height:1em}.elementor-widget-text-editor .elementor-drop-cap{float:left;text-align:center;line-height:1;font-size:50px}.elementor-widget-text-editor .elementor-drop-cap-letter{display:inline-block}<\/style>\t\t\t\t<h3>W\u0142\u0105cz swoj\u0105 szko\u0142\u0119 w pomaganie. Z pe\u0142nym brzuchem, dzie\u0144 jest lepszy!<\/h3><h3><strong>Zaanga\u017cuj ca\u0142\u0105 klas\u0119 lub grup\u0119 dzieci i zorganizuj w swojej szkole:<\/strong><\/h3><ul><li><h3>Kiermasz na rzecz do\u017cywiania dzieci,<\/h3><\/li><li><h3>Jednorazow\u0105 lub cykliczn\u0105 zbi\u00f3rk\u0119 pieni\u0119\u017cn\u0105,<\/h3><\/li><li><h3>Masz pomys\u0142 na inne dzia\u0142anie? Daj zna\u0107 \ud83d\ude42<\/h3><\/li><\/ul><h3>Poka\u017c swoim uczniom spot promocyjny pt.\u00a0 \u201ePodaj Talerz\u201d. Porozmawiajcie o problemie niedo\u017cywienia dzieci, zaplanujcie dzia\u0142ania jakie mo\u017cecie przeprowadzi\u0107 w swojej szkole i zapro\u015bcie pozosta\u0142ych uczni\u00f3w do udzia\u0142u!<\/h3><p><div class=\"ast-oembed-container \" style=\"height: 100%;\"><iframe title=\"Podaj Talerz\" width=\"500\" height=\"281\" src=\"https:\/\/www.youtube.com\/embed\/p4rFvEFhoi8?feature=oembed\" frameborder=\"0\" allow=\"accelerometer; autoplay; clipboard-write; encrypted-media; gyroscope; picture-in-picture; web-share\" referrerpolicy=\"strict-origin-when-cross-origin\" allowfullscreen><\/iframe><\/div><\/p><hr \/><h3><strong>Zobacz jak szko\u0142y program WielkiTalerz.pl i daj si\u0119 zainspirowa\u0107:<\/strong><\/h3><ul><li><h3><strong>\u00a0<\/strong>Szko\u0142a Podstawowa nr 20 im. Jana Gutenberga Fundacji Szkolnej w Warszawie zorganizowa\u0142a kiermasze na rzecz programu. Kiermasz prowadzili uczniowie i uczennicy z klasy 4A, 5A, 6E, 7C, 8D.<\/h3><\/li><li><h3>Klasa III A Gimnazjum nr 14 Fundacji Szkolnej im. Jana Gutenberga Fundacji Szkolnej w Warszawie zorganizowa\u0142a kiermasz w\u015br\u00f3d swoich koleg\u00f3w i kole\u017canek.<\/h3><\/li><\/ul><hr \/><h3><strong>Chcesz do\u0142\u0105czy\u0107? Skontaktuj si\u0119 z nami<\/strong>\u00a0<i>wielkitalerz@fundacjajoannyradziwill.pl<\/i><\/h3>\t\t\t\t\t\t<\/div>\n\t\t\t\t<\/div>\n\t\t\t\t\t<\/div>\n\t\t\t\t<\/div>\n\t\t\t\t<\/div>\n\t\t","protected":false},"excerpt":{"rendered":"<p>W\u0142\u0105cz swoj\u0105 szko\u0142\u0119 w pomaganie. Z pe\u0142nym brzuchem, dzie\u0144 jest lepszy! Zaanga\u017cuj ca\u0142\u0105 klas\u0119 lub grup\u0119 dzieci i zorganizuj w [&hellip;]<\/p>\n","protected":false},"author":2,"featured_media":0,"parent":158,"menu_order":1,"comment_status":"closed","ping_status":"closed","template":"","meta":{"_acf_changed":false,"site-sidebar-layout":"default","site-content-layout":"","ast-site-content-layout":"","site-content-style":"default","site-sidebar-style":"default","ast-global-header-display":"","ast-banner-title-visibility":"","ast-main-header-display":"","ast-hfb-above-header-display":"","ast-hfb-below-header-display":"","ast-hfb-mobile-header-display":"","site-post-title":"","ast-breadcrumbs-content":"","ast-featured-img":"","footer-sml-layout":"","theme-transparent-header-meta":"","adv-header-id-meta":"","stick-header-meta":"","header-above-stick-meta":"","header-main-stick-meta":"","header-below-stick-meta":"","astra-migrate-meta-layouts":"default","ast-page-background-enabled":"default","ast-page-background-meta":{"desktop":{"background-color":"var(--ast-global-color-4)","background-image":"","background-repeat":"repeat","background-position":"center center","background-size":"auto","background-attachment":"scroll","background-type":"","background-media":"","overlay-type":"","overlay-color":"","overlay-gradient":""},"tablet":{"background-color":"","background-image":"","background-repeat":"repeat","background-position":"center center","background-size":"auto","background-attachment":"scroll","background-type":"","background-media":"","overlay-type":"","overlay-color":"","overlay-gradient":""},"mobile":{"background-color":"","background-image":"","background-repeat":"repeat","background-position":"center center","background-size":"auto","background-attachment":"scroll","background-type":"","background-media":"","overlay-type":"","overlay-color":"","overlay-gradient":""}},"ast-content-background-meta":{"desktop":{"background-color":"var(--ast-global-color-5)","background-image":"","background-repeat":"repeat","background-position":"center center","background-size":"auto","background-attachment":"scroll","background-type":"","background-media":"","overlay-type":"","overlay-color":"","overlay-gradient":""},"tablet":{"background-color":"var(--ast-global-color-5)","background-image":"","background-repeat":"repeat","background-position":"center center","background-size":"auto","background-attachment":"scroll","background-type":"","background-media":"","overlay-type":"","overlay-color":"","overlay-gradient":""},"mobile":{"background-color":"var(--ast-global-color-5)","background-image":"","background-repeat":"repeat","background-position":"center center","background-size":"auto","background-attachment":"scroll","background-type":"","background-media":"","overlay-type":"","overlay-color":"","overlay-gradient":""}},"footnotes":""},"class_list":["post-208","page","type-page","status-publish","hentry"],"acf":[],"_links":{"self":[{"href":"https:\/\/wielkitalerz.pl\/index.php\/wp-json\/wp\/v2\/pages\/208","targetHints":{"allow":["GET"]}}],"collection":[{"href":"https:\/\/wielkitalerz.pl\/index.php\/wp-json\/wp\/v2\/pages"}],"about":[{"href":"https:\/\/wielkitalerz.pl\/index.php\/wp-json\/wp\/v2\/types\/page"}],"author":[{"embeddable":true,"href":"https:\/\/wielkitalerz.pl\/index.php\/wp-json\/wp\/v2\/users\/2"}],"replies":[{"embeddable":true,"href":"https:\/\/wielkitalerz.pl\/index.php\/wp-json\/wp\/v2\/comments?post=208"}],"version-history":[{"count":11,"href":"https:\/\/wielkitalerz.pl\/index.php\/wp-json\/wp\/v2\/pages\/208\/revisions"}],"predecessor-version":[{"id":944,"href":"https:\/\/wielkitalerz.pl\/index.php\/wp-json\/wp\/v2\/pages\/208\/revisions\/944"}],"up":[{"embeddable":true,"href":"https:\/\/wielkitalerz.pl\/index.php\/wp-json\/wp\/v2\/pages\/158"}],"wp:attachment":[{"href":"https:\/\/wielkitalerz.pl\/index.php\/wp-json\/wp\/v2\/media?parent=208"}],"curies":[{"name":"wp","href":"https:\/\/api.w.org\/{rel}","templated":true}]}}