{"id":1021,"date":"2025-06-10T14:09:53","date_gmt":"2025-06-10T12:09:53","guid":{"rendered":"https:\/\/wielkitalerz.pl\/?page_id=1021"},"modified":"2025-07-10T14:10:41","modified_gmt":"2025-07-10T12:10:41","slug":"dziekujemy-za-wplate","status":"publish","type":"page","link":"https:\/\/wielkitalerz.pl\/index.php\/dziekujemy-za-wplate\/","title":{"rendered":"dzi\u0119kujemy"},"content":{"rendered":"\n<h1 class=\"has-text-align-center wp-block-heading\">JESTE\u015a SUPER!<br>BARDZO DZI\u0118KUJEMY <br>ZA TWOJE WSPARCIE!<\/h1>\n\n\n\n<p class=\"has-text-align-center\">Musisz wiedzie\u0107, \u017ce ka\u017cda wp\u0142ata to realna pomoc, kt\u00f3ra sprawia, \u017ce Dzieci maj\u0105 jeszcze wi\u0119cej mo\u017cliwo\u015bci na sw\u00f3j rozw\u00f3j.<\/p>\n\n\n\n<figure class=\"wp-block-image aligncenter size-large is-resized\"><img fetchpriority=\"high\" decoding=\"async\" src=\"http:\/\/wielkitalerz.pl\/wp-content\/uploads\/2024\/06\/talerzowa-sesja-003-mini-1024x683.jpg\" alt=\"\" class=\"wp-image-863\" width=\"706\" height=\"471\" srcset=\"https:\/\/wielkitalerz.pl\/wp-content\/uploads\/2024\/06\/talerzowa-sesja-003-mini-1024x683.jpg 1024w, https:\/\/wielkitalerz.pl\/wp-content\/uploads\/2024\/06\/talerzowa-sesja-003-mini-300x200.jpg 300w, https:\/\/wielkitalerz.pl\/wp-content\/uploads\/2024\/06\/talerzowa-sesja-003-mini-768x512.jpg 768w, https:\/\/wielkitalerz.pl\/wp-content\/uploads\/2024\/06\/talerzowa-sesja-003-mini-1536x1024.jpg 1536w, https:\/\/wielkitalerz.pl\/wp-content\/uploads\/2024\/06\/talerzowa-sesja-003-mini.jpg 1600w\" sizes=\"(max-width: 706px) 100vw, 706px\" \/><\/figure>\n\n\n\n<p><\/p>\n","protected":false},"excerpt":{"rendered":"<p>JESTE\u015a SUPER!BARDZO DZI\u0118KUJEMY ZA TWOJE WSPARCIE! Musisz wiedzie\u0107, \u017ce ka\u017cda wp\u0142ata to realna pomoc, kt\u00f3ra sprawia, \u017ce Dzieci maj\u0105 jeszcze [&hellip;]<\/p>\n","protected":false},"author":2,"featured_media":0,"parent":0,"menu_order":0,"comment_status":"closed","ping_status":"closed","template":"","meta":{"_acf_changed":false,"site-sidebar-layout":"default","site-content-layout":"","ast-site-content-layout":"","site-content-style":"default","site-sidebar-style":"default","ast-global-header-display":"","ast-banner-title-visibility":"","ast-main-header-display":"","ast-hfb-above-header-display":"","ast-hfb-below-header-display":"","ast-hfb-mobile-header-display":"","site-post-title":"","ast-breadcrumbs-content":"","ast-featured-img":"","footer-sml-layout":"","theme-transparent-header-meta":"","adv-header-id-meta":"","stick-header-meta":"","header-above-stick-meta":"","header-main-stick-meta":"","header-below-stick-meta":"","astra-migrate-meta-layouts":"default","ast-page-background-enabled":"default","ast-page-background-meta":{"desktop":{"background-color":"var(--ast-global-color-4)","background-image":"","background-repeat":"repeat","background-position":"center center","background-size":"auto","background-attachment":"scroll","background-type":"","background-media":"","overlay-type":"","overlay-color":"","overlay-gradient":""},"tablet":{"background-color":"","background-image":"","background-repeat":"repeat","background-position":"center center","background-size":"auto","background-attachment":"scroll","background-type":"","background-media":"","overlay-type":"","overlay-color":"","overlay-gradient":""},"mobile":{"background-color":"","background-image":"","background-repeat":"repeat","background-position":"center center","background-size":"auto","background-attachment":"scroll","background-type":"","background-media":"","overlay-type":"","overlay-color":"","overlay-gradient":""}},"ast-content-background-meta":{"desktop":{"background-color":"var(--ast-global-color-5)","background-image":"","background-repeat":"repeat","background-position":"center center","background-size":"auto","background-attachment":"scroll","background-type":"","background-media":"","overlay-type":"","overlay-color":"","overlay-gradient":""},"tablet":{"background-color":"var(--ast-global-color-5)","background-image":"","background-repeat":"repeat","background-position":"center center","background-size":"auto","background-attachment":"scroll","background-type":"","background-media":"","overlay-type":"","overlay-color":"","overlay-gradient":""},"mobile":{"background-color":"var(--ast-global-color-5)","background-image":"","background-repeat":"repeat","background-position":"center center","background-size":"auto","background-attachment":"scroll","background-type":"","background-media":"","overlay-type":"","overlay-color":"","overlay-gradient":""}},"footnotes":""},"class_list":["post-1021","page","type-page","status-publish","hentry"],"acf":[],"_links":{"self":[{"href":"https:\/\/wielkitalerz.pl\/index.php\/wp-json\/wp\/v2\/pages\/1021","targetHints":{"allow":["GET"]}}],"collection":[{"href":"https:\/\/wielkitalerz.pl\/index.php\/wp-json\/wp\/v2\/pages"}],"about":[{"href":"https:\/\/wielkitalerz.pl\/index.php\/wp-json\/wp\/v2\/types\/page"}],"author":[{"embeddable":true,"href":"https:\/\/wielkitalerz.pl\/index.php\/wp-json\/wp\/v2\/users\/2"}],"replies":[{"embeddable":true,"href":"https:\/\/wielkitalerz.pl\/index.php\/wp-json\/wp\/v2\/comments?post=1021"}],"version-history":[{"count":2,"href":"https:\/\/wielkitalerz.pl\/index.php\/wp-json\/wp\/v2\/pages\/1021\/revisions"}],"predecessor-version":[{"id":1031,"href":"https:\/\/wielkitalerz.pl\/index.php\/wp-json\/wp\/v2\/pages\/1021\/revisions\/1031"}],"wp:attachment":[{"href":"https:\/\/wielkitalerz.pl\/index.php\/wp-json\/wp\/v2\/media?parent=1021"}],"curies":[{"name":"wp","href":"https:\/\/api.w.org\/{rel}","templated":true}]}}