{"id":11,"date":"2018-03-02T13:31:03","date_gmt":"2018-03-02T12:31:03","guid":{"rendered":"http:\/\/wielkitalerz.pl\/?page_id=11"},"modified":"2024-06-27T14:55:04","modified_gmt":"2024-06-27T12:55:04","slug":"nasze-dzialania","status":"publish","type":"page","link":"http:\/\/wielkitalerz.pl\/index.php\/nasze-dzialania\/","title":{"rendered":"Nasze dzia\u0142ania"},"content":{"rendered":"\t\t<div data-elementor-type=\"wp-page\" data-elementor-id=\"11\" class=\"elementor elementor-11\">\n\t\t\t\t\t\t<section class=\"elementor-section elementor-top-section elementor-element elementor-element-70a06f58 elementor-section-boxed elementor-section-height-default elementor-section-height-default\" data-id=\"70a06f58\" data-element_type=\"section\" data-settings=\"{&quot;shape_divider_bottom&quot;:&quot;mountains&quot;}\">\n\t\t\t\t\t<div class=\"elementor-shape elementor-shape-bottom\" data-negative=\"false\">\n\t\t\t<svg xmlns=\"http:\/\/www.w3.org\/2000\/svg\" viewBox=\"0 0 1000 100\" preserveAspectRatio=\"none\">\n\t<path class=\"elementor-shape-fill\" opacity=\"0.33\" d=\"M473,67.3c-203.9,88.3-263.1-34-320.3,0C66,119.1,0,59.7,0,59.7V0h1000v59.7 c0,0-62.1,26.1-94.9,29.3c-32.8,3.3-62.8-12.3-75.8-22.1C806,49.6,745.3,8.7,694.9,4.7S492.4,59,473,67.3z\"\/>\n\t<path class=\"elementor-shape-fill\" opacity=\"0.66\" d=\"M734,67.3c-45.5,0-77.2-23.2-129.1-39.1c-28.6-8.7-150.3-10.1-254,39.1 s-91.7-34.4-149.2,0C115.7,118.3,0,39.8,0,39.8V0h1000v36.5c0,0-28.2-18.5-92.1-18.5C810.2,18.1,775.7,67.3,734,67.3z\"\/>\n\t<path class=\"elementor-shape-fill\" d=\"M766.1,28.9c-200-57.5-266,65.5-395.1,19.5C242,1.8,242,5.4,184.8,20.6C128,35.8,132.3,44.9,89.9,52.5C28.6,63.7,0,0,0,0 h1000c0,0-9.9,40.9-83.6,48.1S829.6,47,766.1,28.9z\"\/>\n<\/svg>\t\t<\/div>\n\t\t\t\t\t<div class=\"elementor-container elementor-column-gap-default\">\n\t\t\t\t\t<div class=\"elementor-column elementor-col-100 elementor-top-column elementor-element elementor-element-11c75ee2\" data-id=\"11c75ee2\" data-element_type=\"column\">\n\t\t\t<div class=\"elementor-widget-wrap elementor-element-populated\">\n\t\t\t\t\t\t<div class=\"elementor-element elementor-element-35a906c8 ekit-image-accordion-horizontal ekit-image-accordion-click elementor-widget elementor-widget-elementskit-image-accordion\" data-id=\"35a906c8\" data-element_type=\"widget\" data-widget_type=\"elementskit-image-accordion.default\">\n\t\t\t\t<div class=\"elementor-widget-container\">\n\t\t\t<div class=\"ekit-wid-con\" >\t\t<div class=\"ekit-image-accordion elementskit-image-accordion-wraper\">\n\t\t\t                <input type=\"radio\" name=\"ekit_ia_35a906c8\" id=\"ekit_ia_35a906c8_0\" class=\"elementskit-single-image-accordion--input\" hidden>\n                <label for=\"ekit_ia_35a906c8_0\" class=\"elementskit-single-image-accordion ekit-image-accordion-item\" style=\"background-image: url(http:\/\/wielkitalerz.pl\/wp-content\/uploads\/2024\/06\/dziewczynka_grzanki-1.jpg)\">\n                    <span class=\"elementskit-accordion-content\">\n\t\t\t\t\t\t\t\t\t\t\t\t\t<span class=\"elementskit-accordion-title-wraper\">\n\t\t\t\t\t\t\t\t<span class=\"elementskit-accordion-title \">\n\t\t\t\t\t\t\t\t\n\t\t\t\t\t\t\t\tDomy dla dzieci\n\t\t\t\t\t\t\t\t\t\t\t\t\t\t\t\t<\/span>\n\t\t\t\t\t\t\t<\/span>\n\t\t\t\t\t\t\t                    <\/span>\n                <\/label>\n                            <input type=\"radio\" name=\"ekit_ia_35a906c8\" id=\"ekit_ia_35a906c8_1\" class=\"elementskit-single-image-accordion--input\" hidden>\n                <label for=\"ekit_ia_35a906c8_1\" class=\"elementskit-single-image-accordion ekit-image-accordion-item\" style=\"background-image: url(http:\/\/wielkitalerz.pl\/wp-content\/uploads\/2024\/06\/krolewska-uczta.jpg)\">\n                    <span class=\"elementskit-accordion-content\">\n\t\t\t\t\t\t\t\t\t\t\t\t\t<span class=\"elementskit-accordion-title-wraper\">\n\t\t\t\t\t\t\t\t<span class=\"elementskit-accordion-title \">\n\t\t\t\t\t\t\t\t\n\t\t\t\t\t\t\t\tKr\u00f3lewska Uczta\n\t\t\t\t\t\t\t\t\t\t\t\t\t\t\t\t<\/span>\n\t\t\t\t\t\t\t<\/span>\n\t\t\t\t\t\t\t                    <\/span>\n                <\/label>\n                            <input type=\"radio\" name=\"ekit_ia_35a906c8\" id=\"ekit_ia_35a906c8_2\" class=\"elementskit-single-image-accordion--input\" checked=\"checked\" hidden>\n                <label for=\"ekit_ia_35a906c8_2\" class=\"elementskit-single-image-accordion ekit-image-accordion-item\" style=\"background-image: url(http:\/\/wielkitalerz.pl\/wp-content\/uploads\/2024\/06\/46460774_2327643297471048_6020574448455778304_o.jpg)\">\n                    <span class=\"elementskit-accordion-content\">\n\t\t\t\t\t\t\t\t\t\t\t\t\t<span class=\"elementskit-accordion-title-wraper\">\n\t\t\t\t\t\t\t\t<span class=\"elementskit-accordion-title \">\n\t\t\t\t\t\t\t\t\n\t\t\t\t\t\t\t\tWarsztaty kulinarne\n\t\t\t\t\t\t\t\t\t\t\t\t\t\t\t\t<\/span>\n\t\t\t\t\t\t\t<\/span>\n\t\t\t\t\t\t\t                    <\/span>\n                <\/label>\n                            <input type=\"radio\" name=\"ekit_ia_35a906c8\" id=\"ekit_ia_35a906c8_3\" class=\"elementskit-single-image-accordion--input\" hidden>\n                <label for=\"ekit_ia_35a906c8_3\" class=\"elementskit-single-image-accordion ekit-image-accordion-item\" style=\"background-image: url(http:\/\/wielkitalerz.pl\/wp-content\/uploads\/2024\/06\/ognisko-wielki-talerz.jpg)\">\n                    <span class=\"elementskit-accordion-content\">\n\t\t\t\t\t\t\t\t\t\t\t\t\t<span class=\"elementskit-accordion-title-wraper\">\n\t\t\t\t\t\t\t\t<span class=\"elementskit-accordion-title \">\n\t\t\t\t\t\t\t\t\n\t\t\t\t\t\t\t\tWakacje i ferie dla dzieci\n\t\t\t\t\t\t\t\t\t\t\t\t\t\t\t\t<\/span>\n\t\t\t\t\t\t\t<\/span>\n\t\t\t\t\t\t\t                    <\/span>\n                <\/label>\n                    <\/div>\n    <\/div>\t\t<\/div>\n\t\t\t\t<\/div>\n\t\t\t\t\t<\/div>\n\t\t<\/div>\n\t\t\t\t\t<\/div>\n\t\t<\/section>\n\t\t\t\t<section class=\"elementor-section elementor-top-section elementor-element elementor-element-2061ff93 elementor-section-boxed elementor-section-height-default elementor-section-height-default\" data-id=\"2061ff93\" data-element_type=\"section\">\n\t\t\t\t\t\t<div class=\"elementor-container elementor-column-gap-default\">\n\t\t\t\t\t<div class=\"elementor-column elementor-col-100 elementor-top-column elementor-element elementor-element-7f3b2ac4\" data-id=\"7f3b2ac4\" data-element_type=\"column\">\n\t\t\t<div class=\"elementor-widget-wrap elementor-element-populated\">\n\t\t\t\t\t\t<div class=\"elementor-element elementor-element-2a47e820 elementor-widget elementor-widget-elementskit-heading\" data-id=\"2a47e820\" data-element_type=\"widget\" data-widget_type=\"elementskit-heading.default\">\n\t\t\t\t<div class=\"elementor-widget-container\">\n\t\t\t<div class=\"ekit-wid-con\" ><div class=\"ekit-heading elementskit-section-title-wraper center   ekit_heading_tablet-   ekit_heading_mobile-\"><h2 class=\"ekit-heading--title elementskit-section-title \">Nasze dzia\u0142ania<\/h2><div class=\"ekit_heading_separetor_wraper ekit_heading_elementskit-border-divider\"><div class=\"elementskit-border-divider\"><\/div><\/div><\/div><\/div>\t\t<\/div>\n\t\t\t\t<\/div>\n\t\t\t\t<section class=\"elementor-section elementor-inner-section elementor-element elementor-element-42bd9244 elementor-section-boxed elementor-section-height-default elementor-section-height-default\" data-id=\"42bd9244\" data-element_type=\"section\">\n\t\t\t\t\t\t<div class=\"elementor-container elementor-column-gap-default\">\n\t\t\t\t\t<div class=\"elementor-column elementor-col-100 elementor-inner-column elementor-element elementor-element-429e93ec\" data-id=\"429e93ec\" data-element_type=\"column\">\n\t\t\t<div class=\"elementor-widget-wrap elementor-element-populated\">\n\t\t\t\t\t\t<div class=\"elementor-element elementor-element-eaf6828 elementor-widget elementor-widget-text-editor\" data-id=\"eaf6828\" data-element_type=\"widget\" data-widget_type=\"text-editor.default\">\n\t\t\t\t<div class=\"elementor-widget-container\">\n\t\t\t<style>\/*! elementor - v3.20.0 - 10-04-2024 *\/\n.elementor-widget-text-editor.elementor-drop-cap-view-stacked .elementor-drop-cap{background-color:#69727d;color:#fff}.elementor-widget-text-editor.elementor-drop-cap-view-framed .elementor-drop-cap{color:#69727d;border:3px solid;background-color:transparent}.elementor-widget-text-editor:not(.elementor-drop-cap-view-default) .elementor-drop-cap{margin-top:8px}.elementor-widget-text-editor:not(.elementor-drop-cap-view-default) .elementor-drop-cap-letter{width:1em;height:1em}.elementor-widget-text-editor .elementor-drop-cap{float:left;text-align:center;line-height:1;font-size:50px}.elementor-widget-text-editor .elementor-drop-cap-letter{display:inline-block}<\/style>\t\t\t\t<p style=\"text-align: center;\">Fundacja Joanny Radziwi\u0142\u0142 Opieku\u0144cze Skrzyd\u0142a prowadzi dwa dzienne domy dla dzieci, kt\u00f3re potrzebuj\u0105 codziennego wsparcia pedagog\u00f3w i psycholog\u00f3w. Domy dla Dzieci s\u0105 w Warszawie i Kamionce (woj. lubelskie).<\/p>\n<p style=\"text-align: center;\"><span style=\"font-style: inherit; font-weight: inherit; text-align: var(--text-align); background-color: var(--ast-global-color-5); color: var(--ast-global-color-3);\">Ide\u0105&nbsp; jest wyr\u00f3wnywanie szans edukacyjnych, emocjonalnych i spo\u0142ecznych dzieci. Dom Fundacji to przestrze\u0144 , w kt\u00f3rej podopieczni czuj\u0105 si\u0119 bezpieczne i szcz\u0119\u015bliwe, odkrywaj\u0105 pasje i zainteresowania, ucz\u0105 si\u0119 r\u00f3\u017cnych form sp\u0119dzania wolnego czasu, nadrabiaj\u0105 zaleg\u0142o\u015bci rozwojowe, podwy\u017cszaj\u0105 swoj\u0105 samoocen\u0119 oraz wyznaczaj\u0105 swoje cele .<\/span><\/p>\n<p style=\"text-align: center;\">Dzi\u0119ki ciep\u0142ej i domowej atmosferze oraz codziennym wsparciu pedagog\u00f3w, dzieci zyskuj\u0105 pewno\u015b\u0107 siebie oraz&nbsp; wiar\u0119 w swoje mo\u017cliwo\u015bci, dzi\u0119ki czemu maj\u0105 szans\u0119 na godne \u017cycie dla siebie, a tak\u017ce dla swoich przysz\u0142ych rodzin.<\/p>\t\t\t\t\t\t<\/div>\n\t\t\t\t<\/div>\n\t\t\t\t\t<\/div>\n\t\t<\/div>\n\t\t\t\t\t<\/div>\n\t\t<\/section>\n\t\t\t\t\t<\/div>\n\t\t<\/div>\n\t\t\t\t\t<\/div>\n\t\t<\/section>\n\t\t<div class=\"elementor-element elementor-element-226faa8 e-flex e-con-boxed e-con e-parent\" data-id=\"226faa8\" data-element_type=\"container\" data-core-v316-plus=\"true\">\n\t\t\t\t\t<div class=\"e-con-inner\">\n\t\t\t\t<div class=\"elementor-element elementor-element-0ca03c9 elementor-widget elementor-widget-image\" data-id=\"0ca03c9\" data-element_type=\"widget\" data-widget_type=\"image.default\">\n\t\t\t\t<div class=\"elementor-widget-container\">\n\t\t\t<style>\/*! elementor - v3.20.0 - 10-04-2024 *\/\n.elementor-widget-image{text-align:center}.elementor-widget-image a{display:inline-block}.elementor-widget-image a img[src$=\".svg\"]{width:48px}.elementor-widget-image img{vertical-align:middle;display:inline-block}<\/style>\t\t\t\t\t\t\t\t\t\t<img fetchpriority=\"high\" decoding=\"async\" width=\"1024\" height=\"680\" src=\"http:\/\/wielkitalerz.pl\/wp-content\/uploads\/2024\/06\/talerzowa-sesja-082-mini-1024x680.jpg\" class=\"attachment-large size-large wp-image-832\" alt=\"\" srcset=\"http:\/\/wielkitalerz.pl\/wp-content\/uploads\/2024\/06\/talerzowa-sesja-082-mini-1024x680.jpg 1024w, http:\/\/wielkitalerz.pl\/wp-content\/uploads\/2024\/06\/talerzowa-sesja-082-mini-300x199.jpg 300w, http:\/\/wielkitalerz.pl\/wp-content\/uploads\/2024\/06\/talerzowa-sesja-082-mini-768x510.jpg 768w, http:\/\/wielkitalerz.pl\/wp-content\/uploads\/2024\/06\/talerzowa-sesja-082-mini-1536x1020.jpg 1536w, http:\/\/wielkitalerz.pl\/wp-content\/uploads\/2024\/06\/talerzowa-sesja-082-mini.jpg 1600w\" sizes=\"(max-width: 1024px) 100vw, 1024px\" \/>\t\t\t\t\t\t\t\t\t\t\t\t\t<\/div>\n\t\t\t\t<\/div>\n\t\t\t\t\t<\/div>\n\t\t\t\t<\/div>\n\t\t<div class=\"elementor-element elementor-element-8e1689d e-flex e-con-boxed e-con e-parent\" data-id=\"8e1689d\" data-element_type=\"container\" data-core-v316-plus=\"true\">\n\t\t\t\t\t<div class=\"e-con-inner\">\n\t\t\t\t\t<\/div>\n\t\t\t\t<\/div>\n\t\t<div class=\"elementor-element elementor-element-9c7297f e-flex e-con-boxed e-con e-parent\" data-id=\"9c7297f\" data-element_type=\"container\" data-core-v316-plus=\"true\">\n\t\t\t\t\t<div class=\"e-con-inner\">\n\t\t\t\t<div class=\"elementor-element elementor-element-31782a1 elementor-widget elementor-widget-heading\" data-id=\"31782a1\" data-element_type=\"widget\" data-widget_type=\"heading.default\">\n\t\t\t\t<div class=\"elementor-widget-container\">\n\t\t\t<style>\/*! elementor - v3.20.0 - 10-04-2024 *\/\n.elementor-heading-title{padding:0;margin:0;line-height:1}.elementor-widget-heading .elementor-heading-title[class*=elementor-size-]>a{color:inherit;font-size:inherit;line-height:inherit}.elementor-widget-heading .elementor-heading-title.elementor-size-small{font-size:15px}.elementor-widget-heading .elementor-heading-title.elementor-size-medium{font-size:19px}.elementor-widget-heading .elementor-heading-title.elementor-size-large{font-size:29px}.elementor-widget-heading .elementor-heading-title.elementor-size-xl{font-size:39px}.elementor-widget-heading .elementor-heading-title.elementor-size-xxl{font-size:59px}<\/style><h2 class=\"elementor-heading-title elementor-size-default\">Kr\u00f3lewska Uczta<\/h2>\t\t<\/div>\n\t\t\t\t<\/div>\n\t\t\t\t\t<\/div>\n\t\t\t\t<\/div>\n\t\t<div class=\"elementor-element elementor-element-0ba783d e-flex e-con-boxed e-con e-parent\" data-id=\"0ba783d\" data-element_type=\"container\" data-core-v316-plus=\"true\">\n\t\t\t\t\t<div class=\"e-con-inner\">\n\t\t\t\t<div class=\"elementor-element elementor-element-cd07563 elementor-widget elementor-widget-text-editor\" data-id=\"cd07563\" data-element_type=\"widget\" data-widget_type=\"text-editor.default\">\n\t\t\t\t<div class=\"elementor-widget-container\">\n\t\t\t\t\t\t\t<p>Kr\u00f3lewska Uczta\u00a0to jedno z naszych domowych wydarze\u0144, podczas kt\u00f3rego dzieci wraz z pomoc\u0105 doros\u0142ych, przygotowuj\u0105 tematyczne potrawy. Na pocz\u0105tku zbieramy si\u0119 w naszej kuchni, gdzie dzielimy si\u0119 na mniejsze podgrupy. Ka\u017cda szykuje co\u015b pysznego dla reszty. To prawdziwie kulinarna i kulturalna podr\u00f3\u017c, dzi\u0119ki kt\u00f3rej odkrywamy nowe smaki.<\/p><p>Kr\u00f3lewska Uczta to magiczny czas, kiedy\u00a0nasza kuchnia zamienia si\u0119 w serce Domu, sp\u0119dzamy ze sob\u0105 czas i rozmawiamy podczas gotowania. Nasze potrawy utrzymujemy w tajemnicy do czasu postawienia ich na stole. W\u00f3wczas ka\u017cda dru\u017cyna prezentuje, co dzisiaj przygotowa\u0142a. A nast\u0119pnie razem ucztujemy delektuj\u0105c si\u0119 pysznymi potrawami. Pomys\u0142\u00f3w na tematy jest wiele, by\u0142y uczty w stylu Rancho z sezonowymi produktami, czy z kuchni\u0105 Ameryki \u0141aci\u0144skiej.<\/p>\t\t\t\t\t\t<\/div>\n\t\t\t\t<\/div>\n\t\t\t\t\t<\/div>\n\t\t\t\t<\/div>\n\t\t<div class=\"elementor-element elementor-element-2cf8937 e-flex e-con-boxed e-con e-parent\" data-id=\"2cf8937\" data-element_type=\"container\" data-core-v316-plus=\"true\">\n\t\t\t\t\t<div class=\"e-con-inner\">\n\t\t\t\t<div class=\"elementor-element elementor-element-ac7c3a4 elementor-widget elementor-widget-heading\" data-id=\"ac7c3a4\" data-element_type=\"widget\" data-widget_type=\"heading.default\">\n\t\t\t\t<div class=\"elementor-widget-container\">\n\t\t\t<h2 class=\"elementor-heading-title elementor-size-default\">Warsztaty kulinarne<\/h2>\t\t<\/div>\n\t\t\t\t<\/div>\n\t\t\t\t\t<\/div>\n\t\t\t\t<\/div>\n\t\t<div class=\"elementor-element elementor-element-ac17e34 e-flex e-con-boxed e-con e-parent\" data-id=\"ac17e34\" data-element_type=\"container\" data-core-v316-plus=\"true\">\n\t\t\t\t\t<div class=\"e-con-inner\">\n\t\t\t\t<div class=\"elementor-element elementor-element-aca1bc2 elementor-widget elementor-widget-text-editor\" data-id=\"aca1bc2\" data-element_type=\"widget\" data-widget_type=\"text-editor.default\">\n\t\t\t\t<div class=\"elementor-widget-container\">\n\t\t\t\t\t\t\t<p>Warsztaty kulinarne to doskona\u0142a okazja, aby dzieci mog\u0142y rozwija\u0107 swoje umiej\u0119tno\u015bci kulinarne i poznawa\u0107 nowe techniki gotowania. Podczas takich zaj\u0119\u0107 dzieci ucz\u0105 si\u0119 nie tylko jak przygotowa\u0107 r\u00f3\u017cnorodne potrawy, ale tak\u017ce dowiaduj\u0105 si\u0119 o warto\u015bci zdrowej i zr\u00f3wnowa\u017conej diety. Warsztaty te s\u0105 cz\u0119sto tematyczne i dostosowane do r\u00f3\u017cnych okazji i p\u00f3r roku, co czyni je jeszcze bardziej atrakcyjnymi dla m\u0142odych kucharzy.<\/p>\t\t\t\t\t\t<\/div>\n\t\t\t\t<\/div>\n\t\t\t\t\t<\/div>\n\t\t\t\t<\/div>\n\t\t<div class=\"elementor-element elementor-element-7fe9523 e-flex e-con-boxed e-con e-parent\" data-id=\"7fe9523\" data-element_type=\"container\" data-core-v316-plus=\"true\">\n\t\t\t\t\t<div class=\"e-con-inner\">\n\t\t\t\t<div class=\"elementor-element elementor-element-4306653 elementor-widget elementor-widget-heading\" data-id=\"4306653\" data-element_type=\"widget\" data-widget_type=\"heading.default\">\n\t\t\t\t<div class=\"elementor-widget-container\">\n\t\t\t<h2 class=\"elementor-heading-title elementor-size-default\">Wakacje, ferie, wyjazdy<\/h2>\t\t<\/div>\n\t\t\t\t<\/div>\n\t\t\t\t\t<\/div>\n\t\t\t\t<\/div>\n\t\t<div class=\"elementor-element elementor-element-5d3a842 e-flex e-con-boxed e-con e-parent\" data-id=\"5d3a842\" data-element_type=\"container\" data-core-v316-plus=\"true\">\n\t\t\t\t\t<div class=\"e-con-inner\">\n\t\t\t\t<div class=\"elementor-element elementor-element-9cd4a38 elementor-widget elementor-widget-text-editor\" data-id=\"9cd4a38\" data-element_type=\"widget\" data-widget_type=\"text-editor.default\">\n\t\t\t\t<div class=\"elementor-widget-container\">\n\t\t\t\t\t\t\t<p>Wakacje i ferie to czas, kiedy mo\u017cemy jeszcze bardziej anga\u017cowa\u0107 dzieci w r\u00f3\u017cnorodne aktywno\u015bci, w tym kulinarne przygody. Organizujemy wyjazdy, podczas kt\u00f3rych dzieci maj\u0105 okazj\u0119 spr\u00f3bowa\u0107 regionalnych potraw i nauczy\u0107 si\u0119, jak s\u0105 one przygotowywane. To tak\u017ce \u015bwietna okazja do integracji i nauki wsp\u00f3\u0142pracy w grupie. Ka\u017cdy wyjazd jest starannie planowany, aby zapewni\u0107 dzieciom niezapomniane do\u015bwiadczenia i wspomnienia.<\/p>\t\t\t\t\t\t<\/div>\n\t\t\t\t<\/div>\n\t\t\t\t\t<\/div>\n\t\t\t\t<\/div>\n\t\t\t\t<\/div>\n\t\t","protected":false},"excerpt":{"rendered":"<p>Domy dla dzieci Kr\u00f3lewska Uczta Warsztaty kulinarne Wakacje i ferie dla dzieci Nasze dzia\u0142ania Fundacja Joanny Radziwi\u0142\u0142 Opieku\u0144cze Skrzyd\u0142a prowadzi [&hellip;]<\/p>\n","protected":false},"author":7,"featured_media":0,"parent":0,"menu_order":0,"comment_status":"closed","ping_status":"closed","template":"","meta":{"_acf_changed":false,"site-sidebar-layout":"default","site-content-layout":"","ast-site-content-layout":"","site-content-style":"default","site-sidebar-style":"default","ast-global-header-display":"","ast-banner-title-visibility":"","ast-main-header-display":"","ast-hfb-above-header-display":"","ast-hfb-below-header-display":"","ast-hfb-mobile-header-display":"","site-post-title":"","ast-breadcrumbs-content":"","ast-featured-img":"","footer-sml-layout":"","theme-transparent-header-meta":"","adv-header-id-meta":"","stick-header-meta":"","header-above-stick-meta":"","header-main-stick-meta":"","header-below-stick-meta":"","astra-migrate-meta-layouts":"default","ast-page-background-enabled":"default","ast-page-background-meta":{"desktop":{"background-color":"var(--ast-global-color-4)","background-image":"","background-repeat":"repeat","background-position":"center center","background-size":"auto","background-attachment":"scroll","background-type":"","background-media":"","overlay-type":"","overlay-color":"","overlay-gradient":""},"tablet":{"background-color":"","background-image":"","background-repeat":"repeat","background-position":"center center","background-size":"auto","background-attachment":"scroll","background-type":"","background-media":"","overlay-type":"","overlay-color":"","overlay-gradient":""},"mobile":{"background-color":"","background-image":"","background-repeat":"repeat","background-position":"center center","background-size":"auto","background-attachment":"scroll","background-type":"","background-media":"","overlay-type":"","overlay-color":"","overlay-gradient":""}},"ast-content-background-meta":{"desktop":{"background-color":"var(--ast-global-color-5)","background-image":"","background-repeat":"repeat","background-position":"center center","background-size":"auto","background-attachment":"scroll","background-type":"","background-media":"","overlay-type":"","overlay-color":"","overlay-gradient":""},"tablet":{"background-color":"var(--ast-global-color-5)","background-image":"","background-repeat":"repeat","background-position":"center center","background-size":"auto","background-attachment":"scroll","background-type":"","background-media":"","overlay-type":"","overlay-color":"","overlay-gradient":""},"mobile":{"background-color":"var(--ast-global-color-5)","background-image":"","background-repeat":"repeat","background-position":"center center","background-size":"auto","background-attachment":"scroll","background-type":"","background-media":"","overlay-type":"","overlay-color":"","overlay-gradient":""}},"footnotes":""},"class_list":["post-11","page","type-page","status-publish","hentry"],"acf":[],"_links":{"self":[{"href":"http:\/\/wielkitalerz.pl\/index.php\/wp-json\/wp\/v2\/pages\/11","targetHints":{"allow":["GET"]}}],"collection":[{"href":"http:\/\/wielkitalerz.pl\/index.php\/wp-json\/wp\/v2\/pages"}],"about":[{"href":"http:\/\/wielkitalerz.pl\/index.php\/wp-json\/wp\/v2\/types\/page"}],"author":[{"embeddable":true,"href":"http:\/\/wielkitalerz.pl\/index.php\/wp-json\/wp\/v2\/users\/7"}],"replies":[{"embeddable":true,"href":"http:\/\/wielkitalerz.pl\/index.php\/wp-json\/wp\/v2\/comments?post=11"}],"version-history":[{"count":35,"href":"http:\/\/wielkitalerz.pl\/index.php\/wp-json\/wp\/v2\/pages\/11\/revisions"}],"predecessor-version":[{"id":907,"href":"http:\/\/wielkitalerz.pl\/index.php\/wp-json\/wp\/v2\/pages\/11\/revisions\/907"}],"wp:attachment":[{"href":"http:\/\/wielkitalerz.pl\/index.php\/wp-json\/wp\/v2\/media?parent=11"}],"curies":[{"name":"wp","href":"https:\/\/api.w.org\/{rel}","templated":true}]}}